{"id":1667,"date":"2013-10-27T00:35:09","date_gmt":"2013-10-26T23:35:09","guid":{"rendered":"https:\/\/buscarparejaenlared.com\/pt-pt\/?page_id=1667"},"modified":"2020-06-30T11:41:36","modified_gmt":"2020-06-30T10:41:36","slug":"politica-de-cookies","status":"publish","type":"page","link":"https:\/\/buscarparejaenlared.com\/pt-pt\/politica-de-cookies\/","title":{"rendered":"Politica de cookies"},"content":{"rendered":"<p>Usamos cookies para melhorar o desempenho do nosso site e o seu acesso como utilizador.<br \/>\nAo prosseguir a navega\u00e7\u00e3o ou ao fechar esta janela, estar\u00e1 a aceitar a nossa pol\u00edtica de cookies.<\/p>\n<p><strong>Cookies no site<\/strong><\/p>\n<p>Durante a utiliza\u00e7\u00e3o do site da BuscarParejaenlaRed.ccom, n\u00e3o registamos qualquer informa\u00e7\u00e3o que o possa identificar.<\/p>\n<p>Apenas \u00e9 registada a forma como navega no nosso site, de forma a pudermos melhorar o seu desempenho. A informa\u00e7\u00e3o \u00e9 an\u00f3nima e apenas a utilizamos para melhorar o conte\u00fado e as &nbsp;funcionalidades do site. Estas informa\u00e7\u00f5es s\u00e3o recolhidas atrav\u00e9s de um ficheiro que designamos como cookie.<\/p>\n<p><strong>O que s\u00e3o cookies?<\/strong><br \/>\nUm cookie \u00e9 um ficheiro de texto enviado para o seu navegador de internet (browser) a partir do nosso site e gravado no seu computador, telem\u00f3vel ou qualquer outro dispositivo utilizado para aceder \u00e0 internet. Os cookies s\u00e3o utilizados com muitos objectivos. No entanto, a sua utilidade b\u00e1sica \u00e9 guardar informa\u00e7\u00e3o sobre a sua actividade na internet.<\/p>\n<p><strong>Como utilizamos os cookies?<\/strong><br \/>\nQuando visita o site da BuscarParejaenlaRed.ccom pela primeira vez, ser-lhe-\u00e1 solicitado que aceite a utiliza\u00e7\u00e3o de cookies. Recomendamos que aceite os cookies utilizados pelo nosso site, uma vez que tal ir\u00e1 ajudar-nos a melhorar a sua experi\u00eancia, e a de outros utilizadores, nas suas visitas. Caso recuse, uma s\u00e9rie de funcionalidades do site ficar\u00e1 inacess\u00edvel.<\/p>\n<p><strong>Durante quanto tempo s\u00e3o guardados os cookies?<\/strong><br \/>\nOs cookies apagam-se ap\u00f3s um determinado n\u00famero de meses (pode variar), no entanto, s\u00e3o actualizados automaticamente nas suas visitas posteriores ao nosso site.<\/p>\n<p>&nbsp;<\/p>\n","protected":false},"excerpt":{"rendered":"<p>Usamos cookies para melhorar o desempenho do nosso site e o seu acesso como utilizador. Ao prosseguir a navega\u00e7\u00e3o ou ao fechar esta janela, estar\u00e1 a aceitar a nossa pol\u00edtica de cookies. Cookies no site Durante a utiliza\u00e7\u00e3o do site da BuscarParejaenlaRed.ccom, n\u00e3o registamos qualquer informa\u00e7\u00e3o que o possa identificar. Apenas \u00e9 registada a forma [&hellip;]<\/p>\n","protected":false},"author":1,"featured_media":0,"parent":0,"menu_order":0,"comment_status":"closed","ping_status":"closed","template":"","meta":{"_genesis_hide_title":false,"_genesis_hide_breadcrumbs":false,"_genesis_hide_singular_image":false,"_genesis_hide_footer_widgets":false,"_genesis_custom_body_class":"","_genesis_custom_post_class":"","_genesis_layout":"","footnotes":""},"yoast_head":"<!-- This site is optimized with the Yoast SEO plugin v21.8 - https:\/\/yoast.com\/wordpress\/plugins\/seo\/ -->\n<title>Politica de cookies - Namoro online<\/title>\n<meta name=\"robots\" content=\"noindex, nofollow\" \/>\n<meta property=\"og:locale\" content=\"pt_PT\" \/>\n<meta property=\"og:type\" content=\"article\" \/>\n<meta property=\"og:title\" content=\"Politica de cookies - Namoro online\" \/>\n<meta property=\"og:description\" content=\"Usamos cookies para melhorar o desempenho do nosso site e o seu acesso como utilizador. Ao prosseguir a navega\u00e7\u00e3o ou ao fechar esta janela, estar\u00e1 a aceitar a nossa pol\u00edtica de cookies. Cookies no site Durante a utiliza\u00e7\u00e3o do site da BuscarParejaenlaRed.ccom, n\u00e3o registamos qualquer informa\u00e7\u00e3o que o possa identificar. Apenas \u00e9 registada a forma [&hellip;]\" \/>\n<meta property=\"og:url\" content=\"https:\/\/buscarparejaenlared.com\/pt-pt\/politica-de-cookies\/\" \/>\n<meta property=\"og:site_name\" content=\"Namoro online\" \/>\n<meta property=\"article:publisher\" content=\"https:\/\/www.facebook.com\/Buscar-pareja-en-la-red-1435647613328439\/\" \/>\n<meta property=\"article:modified_time\" content=\"2020-06-30T10:41:36+00:00\" \/>\n<meta name=\"twitter:card\" content=\"summary_large_image\" \/>\n<meta name=\"twitter:label1\" content=\"Tempo estimado de leitura\" \/>\n\t<meta name=\"twitter:data1\" content=\"1 minute\" \/>\n<script type=\"application\/ld+json\" class=\"yoast-schema-graph\">{\"@context\":\"https:\/\/schema.org\",\"@graph\":[{\"@type\":\"WebPage\",\"@id\":\"https:\/\/buscarparejaenlared.com\/pt-pt\/politica-de-cookies\/\",\"url\":\"https:\/\/buscarparejaenlared.com\/pt-pt\/politica-de-cookies\/\",\"name\":\"Politica de cookies - Namoro online\",\"isPartOf\":{\"@id\":\"https:\/\/buscarparejaenlared.com\/#website\"},\"datePublished\":\"2013-10-26T23:35:09+00:00\",\"dateModified\":\"2020-06-30T10:41:36+00:00\",\"inLanguage\":\"pt-PT\",\"potentialAction\":[{\"@type\":\"ReadAction\",\"target\":[\"https:\/\/buscarparejaenlared.com\/pt-pt\/politica-de-cookies\/\"]}]},{\"@type\":\"WebSite\",\"@id\":\"https:\/\/buscarparejaenlared.com\/#website\",\"url\":\"https:\/\/buscarparejaenlared.com\/\",\"name\":\"Namoro online\",\"description\":\"N\u00f3s ajudamos namoro online - Analisamos as melhores sites de encontros\",\"publisher\":{\"@id\":\"https:\/\/buscarparejaenlared.com\/#organization\"},\"potentialAction\":[{\"@type\":\"SearchAction\",\"target\":{\"@type\":\"EntryPoint\",\"urlTemplate\":\"https:\/\/buscarparejaenlared.com\/?s={search_term_string}\"},\"query-input\":\"required name=search_term_string\"}],\"inLanguage\":\"pt-PT\"},{\"@type\":\"Organization\",\"@id\":\"https:\/\/buscarparejaenlared.com\/#organization\",\"name\":\"Buscar Pareja en la Red\",\"url\":\"https:\/\/buscarparejaenlared.com\/\",\"logo\":{\"@type\":\"ImageObject\",\"inLanguage\":\"pt-PT\",\"@id\":\"https:\/\/buscarparejaenlared.com\/#\/schema\/logo\/image\/\",\"url\":\"https:\/\/buscarparejaenlared.com\/main\/wp-content\/uploads\/favicon.png\",\"contentUrl\":\"https:\/\/buscarparejaenlared.com\/main\/wp-content\/uploads\/favicon.png\",\"width\":32,\"height\":32,\"caption\":\"Buscar Pareja en la Red\"},\"image\":{\"@id\":\"https:\/\/buscarparejaenlared.com\/#\/schema\/logo\/image\/\"},\"sameAs\":[\"https:\/\/www.facebook.com\/Buscar-pareja-en-la-red-1435647613328439\/\"]}]}<\/script>\n<!-- \/ Yoast SEO plugin. -->","yoast_head_json":{"title":"Politica de cookies - Namoro online","robots":{"index":"noindex","follow":"nofollow"},"og_locale":"pt_PT","og_type":"article","og_title":"Politica de cookies - Namoro online","og_description":"Usamos cookies para melhorar o desempenho do nosso site e o seu acesso como utilizador. Ao prosseguir a navega\u00e7\u00e3o ou ao fechar esta janela, estar\u00e1 a aceitar a nossa pol\u00edtica de cookies. Cookies no site Durante a utiliza\u00e7\u00e3o do site da BuscarParejaenlaRed.ccom, n\u00e3o registamos qualquer informa\u00e7\u00e3o que o possa identificar. Apenas \u00e9 registada a forma [&hellip;]","og_url":"https:\/\/buscarparejaenlared.com\/pt-pt\/politica-de-cookies\/","og_site_name":"Namoro online","article_publisher":"https:\/\/www.facebook.com\/Buscar-pareja-en-la-red-1435647613328439\/","article_modified_time":"2020-06-30T10:41:36+00:00","twitter_card":"summary_large_image","twitter_misc":{"Tempo estimado de leitura":"1 minute"},"schema":{"@context":"https:\/\/schema.org","@graph":[{"@type":"WebPage","@id":"https:\/\/buscarparejaenlared.com\/pt-pt\/politica-de-cookies\/","url":"https:\/\/buscarparejaenlared.com\/pt-pt\/politica-de-cookies\/","name":"Politica de cookies - Namoro online","isPartOf":{"@id":"https:\/\/buscarparejaenlared.com\/#website"},"datePublished":"2013-10-26T23:35:09+00:00","dateModified":"2020-06-30T10:41:36+00:00","inLanguage":"pt-PT","potentialAction":[{"@type":"ReadAction","target":["https:\/\/buscarparejaenlared.com\/pt-pt\/politica-de-cookies\/"]}]},{"@type":"WebSite","@id":"https:\/\/buscarparejaenlared.com\/#website","url":"https:\/\/buscarparejaenlared.com\/","name":"Namoro online","description":"N\u00f3s ajudamos namoro online - Analisamos as melhores sites de encontros","publisher":{"@id":"https:\/\/buscarparejaenlared.com\/#organization"},"potentialAction":[{"@type":"SearchAction","target":{"@type":"EntryPoint","urlTemplate":"https:\/\/buscarparejaenlared.com\/?s={search_term_string}"},"query-input":"required name=search_term_string"}],"inLanguage":"pt-PT"},{"@type":"Organization","@id":"https:\/\/buscarparejaenlared.com\/#organization","name":"Buscar Pareja en la Red","url":"https:\/\/buscarparejaenlared.com\/","logo":{"@type":"ImageObject","inLanguage":"pt-PT","@id":"https:\/\/buscarparejaenlared.com\/#\/schema\/logo\/image\/","url":"https:\/\/buscarparejaenlared.com\/main\/wp-content\/uploads\/favicon.png","contentUrl":"https:\/\/buscarparejaenlared.com\/main\/wp-content\/uploads\/favicon.png","width":32,"height":32,"caption":"Buscar Pareja en la Red"},"image":{"@id":"https:\/\/buscarparejaenlared.com\/#\/schema\/logo\/image\/"},"sameAs":["https:\/\/www.facebook.com\/Buscar-pareja-en-la-red-1435647613328439\/"]}]}},"_links":{"self":[{"href":"https:\/\/buscarparejaenlared.com\/pt-pt\/wp-json\/wp\/v2\/pages\/1667"}],"collection":[{"href":"https:\/\/buscarparejaenlared.com\/pt-pt\/wp-json\/wp\/v2\/pages"}],"about":[{"href":"https:\/\/buscarparejaenlared.com\/pt-pt\/wp-json\/wp\/v2\/types\/page"}],"author":[{"embeddable":true,"href":"https:\/\/buscarparejaenlared.com\/pt-pt\/wp-json\/wp\/v2\/users\/1"}],"replies":[{"embeddable":true,"href":"https:\/\/buscarparejaenlared.com\/pt-pt\/wp-json\/wp\/v2\/comments?post=1667"}],"version-history":[{"count":0,"href":"https:\/\/buscarparejaenlared.com\/pt-pt\/wp-json\/wp\/v2\/pages\/1667\/revisions"}],"wp:attachment":[{"href":"https:\/\/buscarparejaenlared.com\/pt-pt\/wp-json\/wp\/v2\/media?parent=1667"}],"curies":[{"name":"wp","href":"https:\/\/api.w.org\/{rel}","templated":true}]}}